{"id":1168,"date":"2021-01-30T19:32:38","date_gmt":"2021-01-30T19:32:38","guid":{"rendered":"http:\/\/priya.yoga\/?page_id=1168"},"modified":"2025-01-10T12:30:58","modified_gmt":"2025-01-10T12:30:58","slug":"yogahome-einzelcoaching","status":"publish","type":"page","link":"https:\/\/priya.yoga\/priya\/yoga\/yogahome-einzelcoaching\/","title":{"rendered":"1:1 Yoga-Coaching"},"content":{"rendered":"\t\t<div data-elementor-type=\"wp-page\" data-elementor-id=\"1168\" class=\"elementor elementor-1168\" data-elementor-settings=\"{&quot;ha_cmc_init_switcher&quot;:&quot;no&quot;}\">\n\t\t\t\t\t\t<section class=\"elementor-section elementor-top-section elementor-element elementor-element-04704ef elementor-section-boxed elementor-section-height-default elementor-section-height-default\" data-id=\"04704ef\" data-element_type=\"section\" data-e-type=\"section\" data-settings=\"{&quot;_ha_eqh_enable&quot;:false}\">\n\t\t\t\t\t\t<div class=\"elementor-container elementor-column-gap-default\">\n\t\t\t\t\t<div class=\"elementor-column elementor-col-100 elementor-top-column elementor-element elementor-element-53b8208\" data-id=\"53b8208\" data-element_type=\"column\" data-e-type=\"column\">\n\t\t\t<div class=\"elementor-widget-wrap elementor-element-populated\">\n\t\t\t\t\t\t<div class=\"elementor-element elementor-element-63d99b9 elementor-widget__width-initial elementor-widget elementor-widget-image\" data-id=\"63d99b9\" data-element_type=\"widget\" data-e-type=\"widget\" data-widget_type=\"image.default\">\n\t\t\t\t<div class=\"elementor-widget-container\">\n\t\t\t\t\t\t\t\t\t\t\t\t\t\t\t<img decoding=\"async\" width=\"150\" height=\"150\" src=\"https:\/\/priya.yoga\/priya\/wp-content\/uploads\/2020\/10\/IMG_7236-Kopie-150x150.jpg\" class=\"attachment-thumbnail size-thumbnail wp-image-912\" alt=\"\" srcset=\"https:\/\/priya.yoga\/priya\/wp-content\/uploads\/2020\/10\/IMG_7236-Kopie-150x150.jpg 150w, https:\/\/priya.yoga\/priya\/wp-content\/uploads\/2020\/10\/IMG_7236-Kopie-100x100.jpg 100w\" sizes=\"100vw\" \/>\t\t\t\t\t\t\t\t\t\t\t\t\t\t\t<\/div>\n\t\t\t\t<\/div>\n\t\t\t\t\t<\/div>\n\t\t<\/div>\n\t\t\t\t\t<\/div>\n\t\t<\/section>\n\t\t\t\t<section class=\"elementor-section elementor-top-section elementor-element elementor-element-40281670 elementor-section-boxed elementor-section-height-default elementor-section-height-default\" data-id=\"40281670\" data-element_type=\"section\" data-e-type=\"section\" data-settings=\"{&quot;_ha_eqh_enable&quot;:false}\">\n\t\t\t\t\t\t<div class=\"elementor-container elementor-column-gap-default\">\n\t\t\t\t\t<div class=\"elementor-column elementor-col-100 elementor-top-column elementor-element elementor-element-a19a769\" data-id=\"a19a769\" data-element_type=\"column\" data-e-type=\"column\">\n\t\t\t<div class=\"elementor-widget-wrap elementor-element-populated\">\n\t\t\t\t\t\t<div class=\"elementor-element elementor-element-98cf520 elementor-widget elementor-widget-text-editor\" data-id=\"98cf520\" data-element_type=\"widget\" data-e-type=\"widget\" data-widget_type=\"text-editor.default\">\n\t\t\t\t<div class=\"elementor-widget-container\">\n\t\t\t\t\t\t\t\t\t<p><\/p>\n<p class=\"has-text-align-left\">Du hast schon l\u00e4nger kein Yoga gemacht und m\u00f6chtest mit einer Einzelstunde wieder einsteigen oder willst deine bisherige Yogapraxis vertiefen? Du hast ein k\u00f6rperlich oder emotionales Ungleichgewicht und brauchst ein individuelles Yoga-Coaching, dass dich auf deinem Weg unterst\u00fctzt? Dann bist Du bei mir genau richtig! <\/p>\n<p class=\"has-text-align-left\">Beim Yoga-Coaching verbinde ich die Techniken des <a href=\"https:\/\/www.3ho.org\/kundalini-yoga\" target=\"_blank\" rel=\"noreferrer noopener\"><span class=\"tadv-color\" style=\"color: #0071a1;\">Kundalini Yoga<\/span> <\/a>mit den Elementen der <a href=\"https:\/\/www.therapie.de\/psyche\/info\/index\/therapie\/gespraechspsychotherapie\/\" target=\"_blank\" rel=\"noreferrer noopener\"><span class=\"tadv-color\" style=\"color: #0071a1;\">Gespr\u00e4chstherapie nach Karl Rogers<\/span><\/a>. <\/p>\n<p><\/p>\n<p><\/p>\n<p><strong>Zum A-b-l-a-u-f<br \/><\/strong><\/p>\n<p><\/p>\n<p>Du kannst eine Einzelstunde buchen und nach einem <strong>telefonischen Vorgespr\u00e4ch<\/strong> stelle ich eine Yogastunde zusammen, die auf deine pers\u00f6nlichen Bed\u00fcrfnisse abgestimmt ist. Die normale Dauer einer Kundalini Yogastunde betr\u00e4gt <strong>90 Minuten<\/strong>. Du kannst die \u00dcbungen auch als<strong><span style=\"text-decoration: underline;\"> <span style=\"color: #000000; text-decoration: underline;\">40-Tage-Challenge<\/span> <\/span><\/strong>machen. Dann machst Du die gleiche \u00dcbungsreihe an 40 Tagen hintereinander. Dann steigst Du tief ins Yoga ein und ich begleite deinen Prozess. Es gibt dann zus\u00e4tzlich bis zu drei Feedbackgespr\u00e4che per Telefon oder wahlweise Zoom. Teil der Yogastunde sind wahlweise:<\/p>\n<p><\/p>\n<ul class=\"wp-block-list\">\n<li style=\"list-style-type: none;\">\n<ul><\/ul>\n<\/li>\n<\/ul>\n<p>\u00a0<\/p>\n<ul>\n<li style=\"list-style-type: none;\">\n<ul>\n<li><span style=\"color: #000000;\">K\u00f6rper\u00fcbungen (Asanas)<\/span><\/li>\n<\/ul>\n<\/li>\n<\/ul>\n<p><\/p>\n<ul>\n<li style=\"list-style-type: none;\">\n<ul>\n<li><span style=\"color: #000000;\">Atemtechnik (Pranayama)<\/span><\/li>\n<\/ul>\n<\/li>\n<\/ul>\n<p><\/p>\n<ul>\n<li style=\"list-style-type: none;\">\n<ul>\n<li><span style=\"color: #000000;\"><a href=\"http:\/\/www.mein-kundalini-tagebuch.de\/index.php\/mantrasingen-2\/\"><mark><span class=\"tadv-background-color\" style=\"background-color: #f7f9fa;\">Chanten von<\/span><\/mark><mark><span class=\"tadv-background-color\" style=\"background-color: #f7f9fa;\"> Mantras <\/span><\/mark><\/a>(mit Harmonium begleitet)<\/span><\/li>\n<\/ul>\n<\/li>\n<\/ul>\n<p><\/p>\n<ul>\n<li style=\"list-style-type: none;\">\n<ul>\n<li><span style=\"color: #000000;\">Meditation (Dhyan)<\/span><\/li>\n<\/ul>\n<\/li>\n<\/ul>\n<p><\/p>\n<p><\/p>\n<p>Die Stunde findet in einem gesch\u00fctzten Rahmen im wundersch\u00f6nen <strong>Raum Terra Celeste, Bennauerstr. 58 in Bonn Poppelsdorf oder Online<\/strong> via Zoom statt. Im Falle einer Online-Stunde kann ich Dir den Mitschnitt der Stunde zur Verf\u00fcgung stellen.\u00a0<\/p>\n<p><\/p>\n<p><strong>K-o-s-t-e-n-p-u-n-k-t<\/strong><\/p>\n<p><\/p>\n<ul class=\"wp-block-list\">\n<li style=\"list-style-type: none;\">\n<ul><\/ul>\n<\/li>\n<\/ul>\n<p>\u00a0<\/p>\n<ul>\n<li style=\"list-style-type: none;\">\n<ul>\n<li>90 Minuten: 108 Euro<\/li>\n<\/ul>\n<\/li>\n<\/ul>\n<p><\/p>\n<ul>\n<li style=\"list-style-type: none;\">\n<ul>\n<li>40-Tage Challenge: 260 Euro (enthalten: Kennenlerngepr\u00e4ch, 90 Minuten Privatstunde Yoga + Begleitung des Prozesses mit bis zu drei Feedbackgespr\u00e4chen)<\/li>\n<\/ul>\n<\/li>\n<\/ul>\n<p><\/p>\n<p><\/p>\n<p class=\"has-black-color has-text-color\"><span class=\"tadv-color\" style=\"color: #313131;\"><strong>Schreib an<\/strong><\/span>: <a href=\"mailto:mail@priya.yoga\" target=\"_blank\" rel=\"noreferrer noopener\"><strong>mail@priya.yoga<\/strong> <\/a><\/p>\n<p><\/p>\n<p class=\"has-black-color has-text-color\">\u00a0<\/p>\n<p><\/p>\n<p class=\"has-text-align-left\" style=\"font-size: 18px;\">Ich freue mich auf eine gemeinsame Yogastunde! Sat Nam, Priya<\/p>\n<p><\/p>\n<p class=\"has-small-font-size\"><img fetchpriority=\"high\" decoding=\"async\" class=\"size-medium wp-image-2557 alignnone\" src=\"http:\/\/priya.yoga\/wp-content\/uploads\/2022\/01\/Priya-Yoga-Logo-weiss-rot-ohne-Schrift-300x201.jpg\" alt=\"\" width=\"300\" height=\"201\" srcset=\"https:\/\/priya.yoga\/priya\/wp-content\/uploads\/2022\/01\/Priya-Yoga-Logo-weiss-rot-ohne-Schrift-300x201.jpg 300w, https:\/\/priya.yoga\/priya\/wp-content\/uploads\/2022\/01\/Priya-Yoga-Logo-weiss-rot-ohne-Schrift-1024x687.jpg 1024w, https:\/\/priya.yoga\/priya\/wp-content\/uploads\/2022\/01\/Priya-Yoga-Logo-weiss-rot-ohne-Schrift-768x515.jpg 768w, https:\/\/priya.yoga\/priya\/wp-content\/uploads\/2022\/01\/Priya-Yoga-Logo-weiss-rot-ohne-Schrift.jpg 1526w\" sizes=\"(max-width: 300px) 100vw, 300px\" \/><img decoding=\"async\" class=\"size-full wp-image-2244 alignnone\" src=\"http:\/\/priya.yoga\/wp-content\/uploads\/2021\/09\/priyayoga.png\" alt=\"\" width=\"239\" height=\"171\" \/><\/p>\n<p><\/p>\t\t\t\t\t\t\t\t<\/div>\n\t\t\t\t<\/div>\n\t\t\t\t\t<\/div>\n\t\t<\/div>\n\t\t\t\t\t<\/div>\n\t\t<\/section>\n\t\t\t\t<\/div>\n\t\t","protected":false},"excerpt":{"rendered":"<p>Du hast schon l\u00e4nger kein Yoga gemacht und m\u00f6chtest mit einer Einzelstunde wieder einsteigen oder willst deine bisherige Yogapraxis vertiefen? Du hast ein k\u00f6rperlich oder emotionales Ungleichgewicht und brauchst ein individuelles Yoga-Coaching, dass dich auf deinem Weg unterst\u00fctzt? Dann bist Du bei mir genau richtig! Beim Yoga-Coaching verbinde ich die Techniken des Kundalini Yoga mit &hellip; <\/p>\n<p class=\"link-more\"><a href=\"https:\/\/priya.yoga\/priya\/yoga\/yogahome-einzelcoaching\/\" class=\"more-link\"><span class=\"screen-reader-text\">\u201e1:1 Yoga-Coaching\u201c <\/span>weiterlesen<\/a><\/p>\n","protected":false},"author":1,"featured_media":0,"parent":675,"menu_order":0,"comment_status":"closed","ping_status":"closed","template":"","meta":{"footnotes":""},"class_list":["post-1168","page","type-page","status-publish","hentry"],"_links":{"self":[{"href":"https:\/\/priya.yoga\/priya\/wp-json\/wp\/v2\/pages\/1168","targetHints":{"allow":["GET"]}}],"collection":[{"href":"https:\/\/priya.yoga\/priya\/wp-json\/wp\/v2\/pages"}],"about":[{"href":"https:\/\/priya.yoga\/priya\/wp-json\/wp\/v2\/types\/page"}],"author":[{"embeddable":true,"href":"https:\/\/priya.yoga\/priya\/wp-json\/wp\/v2\/users\/1"}],"replies":[{"embeddable":true,"href":"https:\/\/priya.yoga\/priya\/wp-json\/wp\/v2\/comments?post=1168"}],"version-history":[{"count":25,"href":"https:\/\/priya.yoga\/priya\/wp-json\/wp\/v2\/pages\/1168\/revisions"}],"predecessor-version":[{"id":11752,"href":"https:\/\/priya.yoga\/priya\/wp-json\/wp\/v2\/pages\/1168\/revisions\/11752"}],"up":[{"embeddable":true,"href":"https:\/\/priya.yoga\/priya\/wp-json\/wp\/v2\/pages\/675"}],"wp:attachment":[{"href":"https:\/\/priya.yoga\/priya\/wp-json\/wp\/v2\/media?parent=1168"}],"curies":[{"name":"wp","href":"https:\/\/api.w.org\/{rel}","templated":true}]}}