{"id":1182,"date":"2021-01-30T20:26:11","date_gmt":"2021-01-30T20:26:11","guid":{"rendered":"http:\/\/priya.yoga\/?page_id=1182"},"modified":"2026-01-02T19:42:05","modified_gmt":"2026-01-02T19:42:05","slug":"yogakurse","status":"publish","type":"page","link":"https:\/\/priya.yoga\/priya\/yoga\/yogakurse\/","title":{"rendered":"Yogakurse"},"content":{"rendered":"\t\t<div data-elementor-type=\"wp-page\" data-elementor-id=\"1182\" class=\"elementor elementor-1182\" data-elementor-settings=\"{&quot;ha_cmc_init_switcher&quot;:&quot;no&quot;}\">\n\t\t\t\t\t\t<section class=\"elementor-section elementor-top-section elementor-element elementor-element-04ceae0 elementor-section-boxed elementor-section-height-default elementor-section-height-default\" data-id=\"04ceae0\" data-element_type=\"section\" data-e-type=\"section\" data-settings=\"{&quot;_ha_eqh_enable&quot;:false}\">\n\t\t\t\t\t\t<div class=\"elementor-container elementor-column-gap-default\">\n\t\t\t\t\t<div class=\"elementor-column elementor-col-100 elementor-top-column elementor-element elementor-element-dda36de\" data-id=\"dda36de\" data-element_type=\"column\" data-e-type=\"column\">\n\t\t\t<div class=\"elementor-widget-wrap elementor-element-populated\">\n\t\t\t\t\t\t<div class=\"elementor-element elementor-element-588f6b79 elementor-widget elementor-widget-text-editor\" data-id=\"588f6b79\" data-element_type=\"widget\" data-e-type=\"widget\" data-widget_type=\"text-editor.default\">\n\t\t\t\t<div class=\"elementor-widget-container\">\n\t\t\t\t\t\t\t\t\t<p><\/p>\n<p><a href=\"https:\/\/www.vhs-bonn.de\/info-und-service\/ueber-uns\/kursleitende.html\/A\/lecturer\/P\/162\/T\/484-L-8778\/Priya+Nadine+Diederich\"><span style=\"font-size: 14pt;\">Kundalini Yoga &#8211; ONLINE &#8211; an der Volkshochschule Bonn. <\/span><\/a><span style=\"font-size: 14pt;\"><a href=\"https:\/\/www.vhs-bonn.de\/info-und-service\/ueber-uns\/kursleitende.html\/A\/lecturer\/P\/162\/T\/484-L-8778\/Priya+Nadine+Diederich\">Hier klicken zum Anmelden!<\/a><\/span><\/p>\n<p><\/p>\n<p><\/p>\t\t\t\t\t\t\t\t<\/div>\n\t\t\t\t<\/div>\n\t\t\t\t\t<\/div>\n\t\t<\/div>\n\t\t\t\t\t<\/div>\n\t\t<\/section>\n\t\t\t\t<section class=\"elementor-section elementor-top-section elementor-element elementor-element-65b95f2 elementor-section-boxed elementor-section-height-default elementor-section-height-default\" data-id=\"65b95f2\" data-element_type=\"section\" data-e-type=\"section\" data-settings=\"{&quot;_ha_eqh_enable&quot;:false}\">\n\t\t\t\t\t\t<div class=\"elementor-container elementor-column-gap-default\">\n\t\t\t\t\t<div class=\"elementor-column elementor-col-50 elementor-top-column elementor-element elementor-element-f45cd1a\" data-id=\"f45cd1a\" data-element_type=\"column\" data-e-type=\"column\">\n\t\t\t<div class=\"elementor-widget-wrap elementor-element-populated\">\n\t\t\t\t\t\t<div class=\"elementor-element elementor-element-951d30b elementor-widget__width-initial elementor-widget elementor-widget-image\" data-id=\"951d30b\" data-element_type=\"widget\" data-e-type=\"widget\" data-widget_type=\"image.default\">\n\t\t\t\t<div class=\"elementor-widget-container\">\n\t\t\t\t\t\t\t\t\t\t\t\t<figure class=\"wp-caption\">\n\t\t\t\t\t\t\t\t\t\t<img fetchpriority=\"high\" decoding=\"async\" width=\"740\" height=\"555\" src=\"https:\/\/priya.yoga\/priya\/wp-content\/uploads\/2020\/11\/OnlineYogaRaum-1024x768.jpg\" class=\"attachment-large size-large wp-image-1066\" alt=\"\" srcset=\"https:\/\/priya.yoga\/priya\/wp-content\/uploads\/2020\/11\/OnlineYogaRaum-1024x768.jpg 1024w, https:\/\/priya.yoga\/priya\/wp-content\/uploads\/2020\/11\/OnlineYogaRaum-300x225.jpg 300w, https:\/\/priya.yoga\/priya\/wp-content\/uploads\/2020\/11\/OnlineYogaRaum-768x576.jpg 768w, https:\/\/priya.yoga\/priya\/wp-content\/uploads\/2020\/11\/OnlineYogaRaum-1536x1152.jpg 1536w, https:\/\/priya.yoga\/priya\/wp-content\/uploads\/2020\/11\/OnlineYogaRaum-2048x1536.jpg 2048w\" sizes=\"100vw\" \/>\t\t\t\t\t\t\t\t\t\t\t<figcaption class=\"widget-image-caption wp-caption-text\">Einige Stimmen aus den Kursen:<\/figcaption>\n\t\t\t\t\t\t\t\t\t\t<\/figure>\n\t\t\t\t\t\t\t\t\t<\/div>\n\t\t\t\t<\/div>\n\t\t\t\t\t<\/div>\n\t\t<\/div>\n\t\t\t\t<div class=\"elementor-column elementor-col-50 elementor-top-column elementor-element elementor-element-cfd133b\" data-id=\"cfd133b\" data-element_type=\"column\" data-e-type=\"column\">\n\t\t\t<div class=\"elementor-widget-wrap elementor-element-populated\">\n\t\t\t\t\t\t<div class=\"elementor-element elementor-element-d0a1408 elementor-widget elementor-widget-text-editor\" data-id=\"d0a1408\" data-element_type=\"widget\" data-e-type=\"widget\" data-widget_type=\"text-editor.default\">\n\t\t\t\t<div class=\"elementor-widget-container\">\n\t\t\t\t\t\t\t\t\t<p>&#8222;Der Kurs macht mir gro\u00dfe Freude und tut K\u00f6rper und Psyche gut, ein Highlight der Woche.&#8220;<\/p>\n<p><span dir=\"ltr\" role=\"presentation\">&#8222;Die Dozentin ist toll! Sie hat sehr viel erkl\u00e4rt, die \u00dcbungen vorab gezeigt, im Raum f\u00fcr eine <\/span><span dir=\"ltr\" role=\"presentation\">gem\u00fctliche Atmosph\u00e4re gesorgt und hat eine sehr positive Ausstrahlung, die sich sofort auf den <\/span><span dir=\"ltr\" role=\"presentation\">Kurs \u00fcbertr\u00e4gt. Ich habe mich im Kurs sehr wohl gef\u00fchlt und es hat einfach gut getan, dort <\/span><span dir=\"ltr\" role=\"presentation\">mitzumachen.&#8220;<\/span><\/p>\n<p>&#8222;[&#8230;] F\u00fcr mich sind deine erkl\u00e4renden Worte extrem wichtig, das ist wirklich eine neue Welt f\u00fcr mich. Es ist eine Einf\u00fchrung in mich wenn man so will, ich entdecke Bereiche in mir dadurch, die ich vorher nicht kannte. Ich habe \u00f6stliche Philosophien und Weisheiten in der Theorie studiert aber du bist die erste, die die Verbindung zwischen dieser Theorie und mir, mein K\u00f6rper und Bewusstsein mit deinen Worten herstellt [&#8230;].&#8220;<\/p>\n<p>&#8222;Ich fand deinen Kundalini-Kurs gro\u00dfartig! Ich habe schon viel Yoga gemacht, in allen m\u00f6glichen Stilrichtungen, aber kaum ein Kurs hat sich so effektiv angef\u00fchlt wie deiner!&#8220;<\/p>\t\t\t\t\t\t\t\t<\/div>\n\t\t\t\t<\/div>\n\t\t\t\t\t<\/div>\n\t\t<\/div>\n\t\t\t\t\t<\/div>\n\t\t<\/section>\n\t\t\t\t<section class=\"elementor-section elementor-top-section elementor-element elementor-element-495718e elementor-section-boxed elementor-section-height-default elementor-section-height-default\" data-id=\"495718e\" data-element_type=\"section\" data-e-type=\"section\" data-settings=\"{&quot;_ha_eqh_enable&quot;:false}\">\n\t\t\t\t\t\t<div class=\"elementor-container elementor-column-gap-default\">\n\t\t\t\t\t<div class=\"elementor-column elementor-col-100 elementor-top-column elementor-element elementor-element-b3e0e99\" data-id=\"b3e0e99\" data-element_type=\"column\" data-e-type=\"column\">\n\t\t\t<div class=\"elementor-widget-wrap elementor-element-populated\">\n\t\t\t\t\t\t<div class=\"elementor-element elementor-element-3ea20de elementor-widget-divider--separator-type-pattern elementor-widget-divider--view-line elementor-widget elementor-widget-divider\" data-id=\"3ea20de\" data-element_type=\"widget\" data-e-type=\"widget\" data-widget_type=\"divider.default\">\n\t\t\t\t<div class=\"elementor-widget-container\">\n\t\t\t\t\t\t\t<div class=\"elementor-divider\" style=\"--divider-pattern-url: url(&quot;data:image\/svg+xml,%3Csvg xmlns=&#039;http:\/\/www.w3.org\/2000\/svg&#039; preserveAspectRatio=&#039;none&#039; overflow=&#039;visible&#039; height=&#039;100%&#039; viewBox=&#039;0 0 24 24&#039; fill=&#039;none&#039; stroke=&#039;black&#039; stroke-width=&#039;1&#039; stroke-linecap=&#039;square&#039; stroke-miterlimit=&#039;10&#039;%3E%3Cpath d=&#039;M0,21c3.3,0,8.3-0.9,15.7-7.1c6.6-5.4,4.4-9.3,2.4-10.3c-3.4-1.8-7.7,1.3-7.3,8.8C11.2,20,17.1,21,24,21&#039;\/%3E%3C\/svg%3E&quot;);\">\n\t\t\t<span class=\"elementor-divider-separator\">\n\t\t\t\t\t\t<\/span>\n\t\t<\/div>\n\t\t\t\t\t\t<\/div>\n\t\t\t\t<\/div>\n\t\t\t\t\t<\/div>\n\t\t<\/div>\n\t\t\t\t\t<\/div>\n\t\t<\/section>\n\t\t\t\t<section class=\"elementor-section elementor-top-section elementor-element elementor-element-1b549aa elementor-section-boxed elementor-section-height-default elementor-section-height-default\" data-id=\"1b549aa\" data-element_type=\"section\" data-e-type=\"section\" data-settings=\"{&quot;_ha_eqh_enable&quot;:false}\">\n\t\t\t\t\t\t<div class=\"elementor-container elementor-column-gap-default\">\n\t\t\t\t\t<div class=\"elementor-column elementor-col-50 elementor-top-column elementor-element elementor-element-5cf5102\" data-id=\"5cf5102\" data-element_type=\"column\" data-e-type=\"column\">\n\t\t\t<div class=\"elementor-widget-wrap elementor-element-populated\">\n\t\t\t\t\t\t<div class=\"elementor-element elementor-element-b4a27c2 elementor-widget elementor-widget-text-editor\" data-id=\"b4a27c2\" data-element_type=\"widget\" data-e-type=\"widget\" data-widget_type=\"text-editor.default\">\n\t\t\t\t<div class=\"elementor-widget-container\">\n\t\t\t\t\t\t\t\t\t<p><span style=\"color: #ff6600; font-size: 14pt;\">Kundalini Yoga in Pr\u00e4senz (pausiert derzeit)<br \/><\/span><\/p>\n<p><strong>Fortlaufender Kurs in Kundalini YOGA- Einstieg jederzeit m\u00f6glich!<br \/><\/strong><\/p>\n<p>Jeden Mittwoch von 09-10.30 Uhr in der Villa Augusta in Bad Godesberg.<\/p>\n<p>Wir praktizieren in einer kleinen Gruppe von max. 6 Teilnehmern. Ich gehe individuell auf die W\u00fcnsche der YogiNis ein. Kosten: 20 Euro pro Stunde (Probestunde: 10 Euro).<\/p>\n<p>Wir machen K\u00f6rper\u00fcbungen, Atem\u00fcbungen, chanten Mantras und meditieren gemeinsam. Die Stunde wird mit rhythmischer Musik begleitet.<\/p>\n<p>Es steht warmer Tee oder Wasser bereit, sowie Sitzkissen und Decken. Eigene Yogamatte bitte mitbringen!<\/p>\n<p><span style=\"color: #ff6600;\">Anmeldung \u00fcber: <a href=\"mail@priya.yoga\">mail@priya.yoga<\/a><\/span><\/p>\t\t\t\t\t\t\t\t<\/div>\n\t\t\t\t<\/div>\n\t\t\t\t\t<\/div>\n\t\t<\/div>\n\t\t\t\t<div class=\"elementor-column elementor-col-50 elementor-top-column elementor-element elementor-element-7360949\" data-id=\"7360949\" data-element_type=\"column\" data-e-type=\"column\">\n\t\t\t<div class=\"elementor-widget-wrap elementor-element-populated\">\n\t\t\t\t\t\t<div class=\"elementor-element elementor-element-1886fe4 elementor-widget elementor-widget-image\" data-id=\"1886fe4\" data-element_type=\"widget\" data-e-type=\"widget\" data-widget_type=\"image.default\">\n\t\t\t\t<div class=\"elementor-widget-container\">\n\t\t\t\t\t\t\t\t\t\t\t\t<figure class=\"wp-caption\">\n\t\t\t\t\t\t\t\t\t\t<img decoding=\"async\" width=\"240\" height=\"320\" src=\"https:\/\/priya.yoga\/priya\/wp-content\/uploads\/2022\/04\/20211024_115920.jpg\" class=\"attachment-large size-large wp-image-7034\" alt=\"\" srcset=\"https:\/\/priya.yoga\/priya\/wp-content\/uploads\/2022\/04\/20211024_115920.jpg 240w, https:\/\/priya.yoga\/priya\/wp-content\/uploads\/2022\/04\/20211024_115920-225x300.jpg 225w\" sizes=\"100vw\" \/>\t\t\t\t\t\t\t\t\t\t\t<figcaption class=\"widget-image-caption wp-caption-text\">Der Yogaraum<\/figcaption>\n\t\t\t\t\t\t\t\t\t\t<\/figure>\n\t\t\t\t\t\t\t\t\t<\/div>\n\t\t\t\t<\/div>\n\t\t\t\t<div class=\"elementor-element elementor-element-c302abe elementor-widget elementor-widget-image\" data-id=\"c302abe\" data-element_type=\"widget\" data-e-type=\"widget\" data-widget_type=\"image.default\">\n\t\t\t\t<div class=\"elementor-widget-container\">\n\t\t\t\t\t\t\t\t\t\t\t\t<figure class=\"wp-caption\">\n\t\t\t\t\t\t\t\t\t\t<img decoding=\"async\" width=\"225\" height=\"300\" src=\"https:\/\/priya.yoga\/priya\/wp-content\/uploads\/2022\/04\/IMG-20220406-WA0005-225x300.jpg\" class=\"attachment-medium size-medium wp-image-6895\" alt=\"\" srcset=\"https:\/\/priya.yoga\/priya\/wp-content\/uploads\/2022\/04\/IMG-20220406-WA0005-225x300.jpg 225w, https:\/\/priya.yoga\/priya\/wp-content\/uploads\/2022\/04\/IMG-20220406-WA0005.jpg 768w\" sizes=\"100vw\" \/>\t\t\t\t\t\t\t\t\t\t\t<figcaption class=\"widget-image-caption wp-caption-text\">Und....Yoga macht Spa\u00df!<\/figcaption>\n\t\t\t\t\t\t\t\t\t\t<\/figure>\n\t\t\t\t\t\t\t\t\t<\/div>\n\t\t\t\t<\/div>\n\t\t\t\t\t<\/div>\n\t\t<\/div>\n\t\t\t\t\t<\/div>\n\t\t<\/section>\n\t\t\t\t<\/div>\n\t\t","protected":false},"excerpt":{"rendered":"<p>Kundalini Yoga &#8211; ONLINE &#8211; an der Volkshochschule Bonn. Hier klicken zum Anmelden! Einige Stimmen aus den Kursen: &#8222;Der Kurs macht mir gro\u00dfe Freude und tut K\u00f6rper und Psyche gut, ein Highlight der Woche.&#8220; &#8222;Die Dozentin ist toll! Sie hat sehr viel erkl\u00e4rt, die \u00dcbungen vorab gezeigt, im Raum f\u00fcr eine gem\u00fctliche Atmosph\u00e4re gesorgt und &hellip; <\/p>\n<p class=\"link-more\"><a href=\"https:\/\/priya.yoga\/priya\/yoga\/yogakurse\/\" class=\"more-link\"><span class=\"screen-reader-text\">\u201eYogakurse\u201c <\/span>weiterlesen<\/a><\/p>\n","protected":false},"author":1,"featured_media":0,"parent":675,"menu_order":0,"comment_status":"closed","ping_status":"closed","template":"","meta":{"footnotes":""},"class_list":["post-1182","page","type-page","status-publish","hentry"],"_links":{"self":[{"href":"https:\/\/priya.yoga\/priya\/wp-json\/wp\/v2\/pages\/1182","targetHints":{"allow":["GET"]}}],"collection":[{"href":"https:\/\/priya.yoga\/priya\/wp-json\/wp\/v2\/pages"}],"about":[{"href":"https:\/\/priya.yoga\/priya\/wp-json\/wp\/v2\/types\/page"}],"author":[{"embeddable":true,"href":"https:\/\/priya.yoga\/priya\/wp-json\/wp\/v2\/users\/1"}],"replies":[{"embeddable":true,"href":"https:\/\/priya.yoga\/priya\/wp-json\/wp\/v2\/comments?post=1182"}],"version-history":[{"count":36,"href":"https:\/\/priya.yoga\/priya\/wp-json\/wp\/v2\/pages\/1182\/revisions"}],"predecessor-version":[{"id":12145,"href":"https:\/\/priya.yoga\/priya\/wp-json\/wp\/v2\/pages\/1182\/revisions\/12145"}],"up":[{"embeddable":true,"href":"https:\/\/priya.yoga\/priya\/wp-json\/wp\/v2\/pages\/675"}],"wp:attachment":[{"href":"https:\/\/priya.yoga\/priya\/wp-json\/wp\/v2\/media?parent=1182"}],"curies":[{"name":"wp","href":"https:\/\/api.w.org\/{rel}","templated":true}]}}