{"id":1221,"date":"2021-02-02T21:04:47","date_gmt":"2021-02-02T21:04:47","guid":{"rendered":"http:\/\/priya.yoga\/?page_id=1221"},"modified":"2021-09-09T19:57:25","modified_gmt":"2021-09-09T19:57:25","slug":"angst-vor-dem-singen","status":"publish","type":"page","link":"https:\/\/priya.yoga\/priya\/mantrasingen-2\/angst-vor-dem-singen\/","title":{"rendered":"Keine Angst vor dem Singen!"},"content":{"rendered":"\r\n<p>Hast Du Scheu zusammen in einer Gruppe von Menschen deine Stimme erklingen zu lassen? Der Ursprung dieses Unbehagens ist oft schon in der Kindheit zu finden. In der Grundschule hatte ich mich einem Chor angeschlossen und die Chorleiterin kritisierte, dass meine Stimme zu laut sei. Ich war danach derart eingesch\u00fcchtert, dass ich den Chor verlie\u00df und es brauchte tats\u00e4chlich fast 30 Jahre, bis ich wieder in einem Chor sang.<\/p>\r\n\r\n\r\n\r\n<p>Beim Mantrasingen wiederholen sich Text und Rhythmus, sodass dies ein guter Einstieg sein k\u00f6nnte, um wieder mehr zu singen. Wenn Du dich noch nicht traust, bist Du herzlich eingeladen erst einmal zu Lauschen. Dem gemeinsamen T\u00f6nen wohnt eine starke Kraft inne, die Jeden erfasst, der damit in Ber\u00fchrung kommt.<\/p>\r\n\r\n\r\n\r\n<p>In diesem Zusammenhang kann ich Dir den <strong>Film &#8222;Beyond the fear of singing- unlock your voice, release your song&#8220; von Michael Stillwater<\/strong> empfehlen. Ich hatte die Gelegenheit darin mit einem kleinen Beitrag mitzuwirken.<\/p>\r\n\r\n\r\n\r\n<p><img fetchpriority=\"high\" decoding=\"async\" width=\"300\" height=\"169\" class=\"wp-image-1222\" style=\"width: 300px;\" src=\"http:\/\/priya.yoga\/wp-content\/uploads\/2021\/02\/Beyond-the-fear-of-singing.jpg\" alt=\"\" srcset=\"https:\/\/priya.yoga\/priya\/wp-content\/uploads\/2021\/02\/Beyond-the-fear-of-singing.jpg 951w, https:\/\/priya.yoga\/priya\/wp-content\/uploads\/2021\/02\/Beyond-the-fear-of-singing-300x169.jpg 300w, https:\/\/priya.yoga\/priya\/wp-content\/uploads\/2021\/02\/Beyond-the-fear-of-singing-768x432.jpg 768w\" sizes=\"(max-width: 300px) 100vw, 300px\" \/><\/p>\r\n\r\n\r\n\r\n<p>Es geht darum, dass viele Menschen den unmittelbaren Zugang zu ihrer Stimme (und damit dem Kehlchakra) verloren haben. Der Film l\u00e4dt dazu ein, sich das Singen zur\u00fcckzuerobern und die Freude am Singen sowie seine kreative Kraft (wieder) zu finden.<\/p>\r\n<p><iframe src=\"\/\/player.vimeo.com\/video\/345689453?title=0&amp;amp;byline=0\" width=\"425\" height=\"350\" allowfullscreen=\"allowfullscreen\"><\/iframe><\/p>\r\n<p>Beyond the Fear of Singing from <a href=\"https:\/\/vimeo.com\/mstillwater\">Michael Stillwater<\/a> on <a href=\"https:\/\/vimeo.com\">Vimeo<\/a>.<\/p>\r\n\r\n\r\n\r\n\r\n\r\n<p>&nbsp;<\/p>\r\n\r\n\r\n\r\n<p>&nbsp;<\/p>\r\n","protected":false},"excerpt":{"rendered":"<p>Hast Du Scheu zusammen in einer Gruppe von Menschen deine Stimme erklingen zu lassen? Der Ursprung dieses Unbehagens ist oft schon in der Kindheit zu finden. In der Grundschule hatte ich mich einem Chor angeschlossen und die Chorleiterin kritisierte, dass meine Stimme zu laut sei. Ich war danach derart eingesch\u00fcchtert, dass ich den Chor verlie\u00df &hellip; <\/p>\n<p class=\"link-more\"><a href=\"https:\/\/priya.yoga\/priya\/mantrasingen-2\/angst-vor-dem-singen\/\" class=\"more-link\"><span class=\"screen-reader-text\">\u201eKeine Angst vor dem Singen!\u201c <\/span>weiterlesen<\/a><\/p>\n","protected":false},"author":1,"featured_media":0,"parent":533,"menu_order":0,"comment_status":"closed","ping_status":"closed","template":"","meta":{"footnotes":""},"class_list":["post-1221","page","type-page","status-publish","hentry"],"_links":{"self":[{"href":"https:\/\/priya.yoga\/priya\/wp-json\/wp\/v2\/pages\/1221","targetHints":{"allow":["GET"]}}],"collection":[{"href":"https:\/\/priya.yoga\/priya\/wp-json\/wp\/v2\/pages"}],"about":[{"href":"https:\/\/priya.yoga\/priya\/wp-json\/wp\/v2\/types\/page"}],"author":[{"embeddable":true,"href":"https:\/\/priya.yoga\/priya\/wp-json\/wp\/v2\/users\/1"}],"replies":[{"embeddable":true,"href":"https:\/\/priya.yoga\/priya\/wp-json\/wp\/v2\/comments?post=1221"}],"version-history":[{"count":0,"href":"https:\/\/priya.yoga\/priya\/wp-json\/wp\/v2\/pages\/1221\/revisions"}],"up":[{"embeddable":true,"href":"https:\/\/priya.yoga\/priya\/wp-json\/wp\/v2\/pages\/533"}],"wp:attachment":[{"href":"https:\/\/priya.yoga\/priya\/wp-json\/wp\/v2\/media?parent=1221"}],"curies":[{"name":"wp","href":"https:\/\/api.w.org\/{rel}","templated":true}]}}