{"id":1497,"date":"2021-04-22T14:50:46","date_gmt":"2021-04-22T14:50:46","guid":{"rendered":"http:\/\/priya.yoga\/?page_id=1497"},"modified":"2026-03-09T13:54:10","modified_gmt":"2026-03-09T13:54:10","slug":"heilsame-gespraeche","status":"publish","type":"page","link":"https:\/\/priya.yoga\/priya\/heilsame-gespraeche\/","title":{"rendered":""},"content":{"rendered":"\t\t<div data-elementor-type=\"wp-page\" data-elementor-id=\"1497\" class=\"elementor elementor-1497\" data-elementor-settings=\"{&quot;ha_cmc_init_switcher&quot;:&quot;no&quot;}\">\n\t\t\t\t\t\t<section class=\"elementor-section elementor-top-section elementor-element elementor-element-18c6451 elementor-section-boxed elementor-section-height-default elementor-section-height-default\" data-id=\"18c6451\" data-element_type=\"section\" data-e-type=\"section\" data-settings=\"{&quot;_ha_eqh_enable&quot;:false}\">\n\t\t\t\t\t\t<div class=\"elementor-container elementor-column-gap-default\">\n\t\t\t\t\t<div class=\"elementor-column elementor-col-100 elementor-top-column elementor-element elementor-element-d590b75\" data-id=\"d590b75\" data-element_type=\"column\" data-e-type=\"column\">\n\t\t\t<div class=\"elementor-widget-wrap elementor-element-populated\">\n\t\t\t\t\t\t<div class=\"elementor-element elementor-element-e98b01e elementor-widget elementor-widget-shortcode\" data-id=\"e98b01e\" data-element_type=\"widget\" data-e-type=\"widget\" data-widget_type=\"shortcode.default\">\n\t\t\t\t<div class=\"elementor-widget-container\">\n\t\t\t\t\t\t\t<div class=\"elementor-shortcode\">\r\n\t\t\t\t<div class=\"ticker-news\">\r\n\t\t\t\t\t\t\t<div class='tickercontainer'>\r\n\t\t\t\t\t\t\t\t<div class='ticker-mask'>\r\n\t\t\t\t\t\t\t\t\t<ul id=\"ticker\">\t\t\t\t\t\t\t\t\t\t\t<li><a href=\"https:\/\/naadproject.de\">Mantrakonzert zum Mitsingen, 15.03 in Bonn<\/a><\/li>\t\t\t\t\t\t\t\t\t<\/ul>\r\n\t\t\t\t\t\t\t\t<\/div>\r\n\t\t\t\t\t\t\t<\/div>\r\n\t\t\t\t\t\t\t\t\t\t\t<\/div>\r\n\t\t\t\t<!-- .ticker-news -->\r\n\t\t\t\t<\/div>\n\t\t\t\t\t\t<\/div>\n\t\t\t\t<\/div>\n\t\t\t\t\t<\/div>\n\t\t<\/div>\n\t\t\t\t\t<\/div>\n\t\t<\/section>\n\t\t\t\t<section class=\"elementor-section elementor-top-section elementor-element elementor-element-9c6cbbe elementor-section-boxed elementor-section-height-default elementor-section-height-default\" data-id=\"9c6cbbe\" data-element_type=\"section\" data-e-type=\"section\" data-settings=\"{&quot;_ha_eqh_enable&quot;:false}\">\n\t\t\t\t\t\t<div class=\"elementor-container elementor-column-gap-default\">\n\t\t\t\t\t<div class=\"elementor-column elementor-col-100 elementor-top-column elementor-element elementor-element-dd754f9\" data-id=\"dd754f9\" data-element_type=\"column\" data-e-type=\"column\">\n\t\t\t<div class=\"elementor-widget-wrap elementor-element-populated\">\n\t\t\t\t\t\t<div class=\"elementor-element elementor-element-13e7759 elementor-widget elementor-widget-testimonial\" data-id=\"13e7759\" data-element_type=\"widget\" data-e-type=\"widget\" data-widget_type=\"testimonial.default\">\n\t\t\t\t<div class=\"elementor-widget-container\">\n\t\t\t\t\t\t\t<div class=\"elementor-testimonial-wrapper\">\n\t\t\t\n\t\t\t\t\t\t<div class=\"elementor-testimonial-meta elementor-has-image elementor-testimonial-image-position-aside\">\n\t\t\t\t<div class=\"elementor-testimonial-meta-inner\">\n\t\t\t\t\t\t\t\t\t\t\t<div class=\"elementor-testimonial-image\">\n\t\t\t\t\t\t\t<img fetchpriority=\"high\" decoding=\"async\" width=\"235\" height=\"300\" src=\"https:\/\/priya.yoga\/priya\/wp-content\/uploads\/2026\/01\/IMG_20260102_161139-235x300.jpg\" class=\"attachment-medium size-medium wp-image-12111\" alt=\"\" srcset=\"https:\/\/priya.yoga\/priya\/wp-content\/uploads\/2026\/01\/IMG_20260102_161139-235x300.jpg 235w, https:\/\/priya.yoga\/priya\/wp-content\/uploads\/2026\/01\/IMG_20260102_161139-803x1024.jpg 803w, https:\/\/priya.yoga\/priya\/wp-content\/uploads\/2026\/01\/IMG_20260102_161139-768x979.jpg 768w, https:\/\/priya.yoga\/priya\/wp-content\/uploads\/2026\/01\/IMG_20260102_161139-1205x1536.jpg 1205w, https:\/\/priya.yoga\/priya\/wp-content\/uploads\/2026\/01\/IMG_20260102_161139-1606x2048.jpg 1606w, https:\/\/priya.yoga\/priya\/wp-content\/uploads\/2026\/01\/IMG_20260102_161139-scaled.jpg 2008w\" sizes=\"(max-width: 235px) 100vw, 235px\" \/>\t\t\t\t\t\t<\/div>\n\t\t\t\t\t\n\t\t\t\t\t\t\t\t\t\t<div class=\"elementor-testimonial-details\">\n\t\t\t\t\t\t\t\t\t\t\t\t\t\t<div class=\"elementor-testimonial-name\">D\u00e4monen-<br>Sprech-<br>Stunde<\/div>\n\t\t\t\t\t\t\t\t\t\t\t\t\t\t\t\t\t\t\t<\/div>\n\t\t\t\t\t\t\t\t\t<\/div>\n\t\t\t<\/div>\n\t\t\t\t\t<\/div>\n\t\t\t\t\t\t<\/div>\n\t\t\t\t<\/div>\n\t\t\t\t\t<\/div>\n\t\t<\/div>\n\t\t\t\t\t<\/div>\n\t\t<\/section>\n\t\t\t\t<section class=\"elementor-section elementor-top-section elementor-element elementor-element-4baf662 elementor-section-boxed elementor-section-height-default elementor-section-height-default\" data-id=\"4baf662\" data-element_type=\"section\" data-e-type=\"section\" data-settings=\"{&quot;_ha_eqh_enable&quot;:false}\">\n\t\t\t\t\t\t<div class=\"elementor-container elementor-column-gap-default\">\n\t\t\t\t\t<div class=\"elementor-column elementor-col-100 elementor-top-column elementor-element elementor-element-4553f9c\" data-id=\"4553f9c\" data-element_type=\"column\" data-e-type=\"column\">\n\t\t\t<div class=\"elementor-widget-wrap elementor-element-populated\">\n\t\t\t\t\t\t<div class=\"elementor-element elementor-element-5761f1e elementor-widget__width-initial elementor-widget elementor-widget-text-editor\" data-id=\"5761f1e\" data-element_type=\"widget\" data-e-type=\"widget\" data-widget_type=\"text-editor.default\">\n\t\t\t\t<div class=\"elementor-widget-container\">\n\t\t\t\t\t\t\t\t\t<p><span style=\"color: #000000;\">Du hast eine k\u00f6rperliche, psychische oder seelische Disbalance? Etwas zerrt an deiner Lebensenergie? Du f\u00fchlst Dich nicht ganz in deiner Kraft? Dann ist es an der Zeit, dass Du deinen eigenen <strong>D\u00e4monen<\/strong> auf die Spur kommst!<\/span><\/p><p><span style=\"color: #000000;\">Alles Verdr\u00e4ngte und Ignorierte, alles Nicht-Gesehene darf jetzt ins Licht deiner Aufmerksamkeit treten und die gebundene Energie darin befreit werden. Das kann eine tiefe L\u00f6sung von innerer Anspannung bewirken, Dich tief durchatmen lassen und heilsam wirken.\u00a0<\/span><\/p><p><span style=\"color: #000000;\">Ich begleite Dich auf diesem Weg mit Hilfe der <strong><a href=\"https:\/\/www.taramandala.org\/feeding-your-demons-online-program\/\" target=\"_blank\" rel=\"noopener\">Feeding-Your-Demons-Technik<\/a><\/strong>, die ich in einem Training (Stufe 1) bei Ts\u00fcltrim Allione (Tara Mandala\/Colorado:USA) gelernt habe.\u00a0<\/span><span style=\"color: #000000;\">Im Kern ist eine eine 5-Schritte Methode mit Elementen der Gestalttherapie, Embodiement, Visualisierung und Meditation. Die Methode ist einfach und komplex zugleich und kann bei Bedarf auch zu Hause weiter fortgesetzt werden.\u00a0<\/span><\/p><p><img decoding=\"async\" class=\"alignnone size-full wp-image-12110\" src=\"http:\/\/priya.yoga\/priya\/wp-content\/uploads\/2026\/01\/IMG_20260102_163838-scaled.jpg\" alt=\"\" width=\"2008\" height=\"2560\" srcset=\"https:\/\/priya.yoga\/priya\/wp-content\/uploads\/2026\/01\/IMG_20260102_163838-scaled.jpg 2008w, https:\/\/priya.yoga\/priya\/wp-content\/uploads\/2026\/01\/IMG_20260102_163838-235x300.jpg 235w, https:\/\/priya.yoga\/priya\/wp-content\/uploads\/2026\/01\/IMG_20260102_163838-803x1024.jpg 803w, https:\/\/priya.yoga\/priya\/wp-content\/uploads\/2026\/01\/IMG_20260102_163838-768x979.jpg 768w, https:\/\/priya.yoga\/priya\/wp-content\/uploads\/2026\/01\/IMG_20260102_163838-1205x1536.jpg 1205w, https:\/\/priya.yoga\/priya\/wp-content\/uploads\/2026\/01\/IMG_20260102_163838-1606x2048.jpg 1606w\" sizes=\"(max-width: 767px) 89vw, (max-width: 1000px) 54vw, (max-width: 1071px) 543px, 580px\" \/><\/p>\t\t\t\t\t\t\t\t<\/div>\n\t\t\t\t<\/div>\n\t\t\t\t\t<\/div>\n\t\t<\/div>\n\t\t\t\t\t<\/div>\n\t\t<\/section>\n\t\t\t\t<section class=\"elementor-section elementor-top-section elementor-element elementor-element-103925e elementor-section-boxed elementor-section-height-default elementor-section-height-default\" data-id=\"103925e\" data-element_type=\"section\" data-e-type=\"section\" data-settings=\"{&quot;_ha_eqh_enable&quot;:false}\">\n\t\t\t\t\t\t<div class=\"elementor-container elementor-column-gap-default\">\n\t\t\t\t\t<div class=\"elementor-column elementor-col-100 elementor-top-column elementor-element elementor-element-a6d5bcc\" data-id=\"a6d5bcc\" data-element_type=\"column\" data-e-type=\"column\">\n\t\t\t<div class=\"elementor-widget-wrap elementor-element-populated\">\n\t\t\t\t\t\t<div class=\"elementor-element elementor-element-8b1d16b elementor-tabs-view-horizontal elementor-widget elementor-widget-tabs\" data-id=\"8b1d16b\" data-element_type=\"widget\" data-e-type=\"widget\" data-widget_type=\"tabs.default\">\n\t\t\t\t<div class=\"elementor-widget-container\">\n\t\t\t\t\t\t\t<div class=\"elementor-tabs\">\n\t\t\t<div class=\"elementor-tabs-wrapper\" role=\"tablist\" >\n\t\t\t\t\t\t\t\t\t<div id=\"elementor-tab-title-1451\" class=\"elementor-tab-title elementor-tab-desktop-title\" aria-selected=\"true\" data-tab=\"1\" role=\"tab\" tabindex=\"0\" aria-controls=\"elementor-tab-content-1451\" aria-expanded=\"false\">Kosten<\/div>\n\t\t\t\t\t\t\t\t\t<div id=\"elementor-tab-title-1452\" class=\"elementor-tab-title elementor-tab-desktop-title\" aria-selected=\"false\" data-tab=\"2\" role=\"tab\" tabindex=\"-1\" aria-controls=\"elementor-tab-content-1452\" aria-expanded=\"false\">Ort<\/div>\n\t\t\t\t\t\t\t\t\t<div id=\"elementor-tab-title-1453\" class=\"elementor-tab-title elementor-tab-desktop-title\" aria-selected=\"false\" data-tab=\"3\" role=\"tab\" tabindex=\"-1\" aria-controls=\"elementor-tab-content-1453\" aria-expanded=\"false\">Anfragen<\/div>\n\t\t\t\t\t\t\t\t\t<div id=\"elementor-tab-title-1454\" class=\"elementor-tab-title elementor-tab-desktop-title\" aria-selected=\"false\" data-tab=\"4\" role=\"tab\" tabindex=\"-1\" aria-controls=\"elementor-tab-content-1454\" aria-expanded=\"false\">Hinweis<\/div>\n\t\t\t\t\t\t\t<\/div>\n\t\t\t<div class=\"elementor-tabs-content-wrapper\" role=\"tablist\" aria-orientation=\"vertical\">\n\t\t\t\t\t\t\t\t\t<div class=\"elementor-tab-title elementor-tab-mobile-title\" aria-selected=\"true\" data-tab=\"1\" role=\"tab\" tabindex=\"0\" aria-controls=\"elementor-tab-content-1451\" aria-expanded=\"false\">Kosten<\/div>\n\t\t\t\t\t<div id=\"elementor-tab-content-1451\" class=\"elementor-tab-content elementor-clearfix\" data-tab=\"1\" role=\"tabpanel\" aria-labelledby=\"elementor-tab-title-1451\" tabindex=\"0\" hidden=\"false\"><p><span style=\"color: #333333;\">Pro Gespr\u00e4ch: 60 -75 Minuten = 108 Euro (zahlbar bar oder per EC\/Kreditkarte vor Ort oder vorab via Paypal an mail@priya.yoga<\/span><\/p><\/div>\n\t\t\t\t\t\t\t\t\t<div class=\"elementor-tab-title elementor-tab-mobile-title\" aria-selected=\"false\" data-tab=\"2\" role=\"tab\" tabindex=\"-1\" aria-controls=\"elementor-tab-content-1452\" aria-expanded=\"false\">Ort<\/div>\n\t\t\t\t\t<div id=\"elementor-tab-content-1452\" class=\"elementor-tab-content elementor-clearfix\" data-tab=\"2\" role=\"tabpanel\" aria-labelledby=\"elementor-tab-title-1452\" tabindex=\"0\" hidden=\"hidden\"><p><span style=\"color: #333333;\">Praxisraum Terra Celeste, Bennauerstr. 58, 53115 Bonn<\/span><\/p><\/div>\n\t\t\t\t\t\t\t\t\t<div class=\"elementor-tab-title elementor-tab-mobile-title\" aria-selected=\"false\" data-tab=\"3\" role=\"tab\" tabindex=\"-1\" aria-controls=\"elementor-tab-content-1453\" aria-expanded=\"false\">Anfragen<\/div>\n\t\t\t\t\t<div id=\"elementor-tab-content-1453\" class=\"elementor-tab-content elementor-clearfix\" data-tab=\"3\" role=\"tabpanel\" aria-labelledby=\"elementor-tab-title-1453\" tabindex=\"0\" hidden=\"hidden\"><p><span style=\"color: #000000;\">Terminanfragen per WhatsApp, Signal oder Threema an <strong>Priya: 0172- 6279263<\/strong> oder per Mail an: <\/span><a href=\"mailto:mail@priya.yoga\" target=\"_blank\" rel=\"noopener\"><strong><span style=\"color: #000000;\">mail@priya.yoga<\/span><\/strong><\/a><\/p><\/div>\n\t\t\t\t\t\t\t\t\t<div class=\"elementor-tab-title elementor-tab-mobile-title\" aria-selected=\"false\" data-tab=\"4\" role=\"tab\" tabindex=\"-1\" aria-controls=\"elementor-tab-content-1454\" aria-expanded=\"false\">Hinweis<\/div>\n\t\t\t\t\t<div id=\"elementor-tab-content-1454\" class=\"elementor-tab-content elementor-clearfix\" data-tab=\"4\" role=\"tabpanel\" aria-labelledby=\"elementor-tab-title-1454\" tabindex=\"0\" hidden=\"hidden\"><p>Ein Gespr\u00e4ch ersetzt keine Arztkonsulation oder \u00e4rztliche Therapie. Ich gebe keine Heilversprechen.\u00a0<\/p><\/div>\n\t\t\t\t\t\t\t<\/div>\n\t\t<\/div>\n\t\t\t\t\t\t<\/div>\n\t\t\t\t<\/div>\n\t\t\t\t\t<\/div>\n\t\t<\/div>\n\t\t\t\t\t<\/div>\n\t\t<\/section>\n\t\t\t\t<section class=\"elementor-section elementor-top-section elementor-element elementor-element-0709e63 elementor-section-boxed elementor-section-height-default elementor-section-height-default\" data-id=\"0709e63\" data-element_type=\"section\" data-e-type=\"section\" data-settings=\"{&quot;_ha_eqh_enable&quot;:false}\">\n\t\t\t\t\t\t<div class=\"elementor-container elementor-column-gap-default\">\n\t\t\t\t\t<div class=\"elementor-column elementor-col-33 elementor-top-column elementor-element elementor-element-5bf6076\" data-id=\"5bf6076\" data-element_type=\"column\" data-e-type=\"column\">\n\t\t\t<div class=\"elementor-widget-wrap elementor-element-populated\">\n\t\t\t\t\t\t<div class=\"elementor-element elementor-element-3c51a11 elementor-widget elementor-widget-image\" data-id=\"3c51a11\" data-element_type=\"widget\" data-e-type=\"widget\" data-widget_type=\"image.default\">\n\t\t\t\t<div class=\"elementor-widget-container\">\n\t\t\t\t\t\t\t\t\t\t\t\t\t\t\t<img decoding=\"async\" width=\"740\" height=\"555\" src=\"https:\/\/priya.yoga\/priya\/wp-content\/uploads\/2024\/02\/1698661775631-1024x768.png\" class=\"attachment-large size-large wp-image-11143\" alt=\"\" srcset=\"https:\/\/priya.yoga\/priya\/wp-content\/uploads\/2024\/02\/1698661775631-1024x768.png 1024w, https:\/\/priya.yoga\/priya\/wp-content\/uploads\/2024\/02\/1698661775631-300x225.png 300w, https:\/\/priya.yoga\/priya\/wp-content\/uploads\/2024\/02\/1698661775631-768x576.png 768w, https:\/\/priya.yoga\/priya\/wp-content\/uploads\/2024\/02\/1698661775631.png 1280w\" sizes=\"100vw\" \/>\t\t\t\t\t\t\t\t\t\t\t\t\t\t\t<\/div>\n\t\t\t\t<\/div>\n\t\t\t\t\t<\/div>\n\t\t<\/div>\n\t\t\t\t<div class=\"elementor-column elementor-col-33 elementor-top-column elementor-element elementor-element-9fad248\" data-id=\"9fad248\" data-element_type=\"column\" data-e-type=\"column\">\n\t\t\t<div class=\"elementor-widget-wrap elementor-element-populated\">\n\t\t\t\t\t\t<div class=\"elementor-element elementor-element-025ec54 elementor-widget__width-initial elementor-widget elementor-widget-image\" data-id=\"025ec54\" data-element_type=\"widget\" data-e-type=\"widget\" data-widget_type=\"image.default\">\n\t\t\t\t<div class=\"elementor-widget-container\">\n\t\t\t\t\t\t\t\t\t\t\t\t\t\t\t<img loading=\"lazy\" decoding=\"async\" width=\"212\" height=\"300\" src=\"https:\/\/priya.yoga\/priya\/wp-content\/uploads\/2026\/01\/1-212x300.png\" class=\"attachment-medium size-medium wp-image-12136\" alt=\"\" srcset=\"https:\/\/priya.yoga\/priya\/wp-content\/uploads\/2026\/01\/1-212x300.png 212w, https:\/\/priya.yoga\/priya\/wp-content\/uploads\/2026\/01\/1-724x1024.png 724w, https:\/\/priya.yoga\/priya\/wp-content\/uploads\/2026\/01\/1-768x1086.png 768w, https:\/\/priya.yoga\/priya\/wp-content\/uploads\/2026\/01\/1-1086x1536.png 1086w, https:\/\/priya.yoga\/priya\/wp-content\/uploads\/2026\/01\/1.png 1414w\" sizes=\"100vw\" \/>\t\t\t\t\t\t\t\t\t\t\t\t\t\t\t<\/div>\n\t\t\t\t<\/div>\n\t\t\t\t\t<\/div>\n\t\t<\/div>\n\t\t\t\t<div class=\"elementor-column elementor-col-33 elementor-top-column elementor-element elementor-element-690630d\" data-id=\"690630d\" data-element_type=\"column\" data-e-type=\"column\">\n\t\t\t<div class=\"elementor-widget-wrap elementor-element-populated\">\n\t\t\t\t\t\t<div class=\"elementor-element elementor-element-15d3915 elementor-widget elementor-widget-google_maps\" data-id=\"15d3915\" data-element_type=\"widget\" data-e-type=\"widget\" data-widget_type=\"google_maps.default\">\n\t\t\t\t<div class=\"elementor-widget-container\">\n\t\t\t\t\t\t\t<div class=\"elementor-custom-embed\">\n\t\t\t<iframe loading=\"lazy\"\n\t\t\t\t\tsrc=\"https:\/\/maps.google.com\/maps?q=Bennauerstr.58&#038;t=m&#038;z=14&#038;output=embed&#038;iwloc=near\"\n\t\t\t\t\ttitle=\"Bennauerstr.58\"\n\t\t\t\t\taria-label=\"Bennauerstr.58\"\n\t\t\t><\/iframe>\n\t\t<\/div>\n\t\t\t\t\t\t<\/div>\n\t\t\t\t<\/div>\n\t\t\t\t\t<\/div>\n\t\t<\/div>\n\t\t\t\t\t<\/div>\n\t\t<\/section>\n\t\t\t\t<\/div>\n\t\t","protected":false},"excerpt":{"rendered":"<p>D\u00e4monen-Sprech-Stunde Du hast eine k\u00f6rperliche, psychische oder seelische Disbalance? Etwas zerrt an deiner Lebensenergie? Du f\u00fchlst Dich nicht ganz in deiner Kraft? Dann ist es an der Zeit, dass Du deinen eigenen D\u00e4monen auf die Spur kommst! Alles Verdr\u00e4ngte und Ignorierte, alles Nicht-Gesehene darf jetzt ins Licht deiner Aufmerksamkeit treten und die gebundene Energie darin &hellip; <\/p>\n<p class=\"link-more\"><a href=\"https:\/\/priya.yoga\/priya\/heilsame-gespraeche\/\" class=\"more-link\"><span class=\"screen-reader-text\">\u201e\u201c <\/span>weiterlesen<\/a><\/p>\n","protected":false},"author":1,"featured_media":0,"parent":0,"menu_order":0,"comment_status":"closed","ping_status":"closed","template":"","meta":{"footnotes":""},"class_list":["post-1497","page","type-page","status-publish","hentry"],"_links":{"self":[{"href":"https:\/\/priya.yoga\/priya\/wp-json\/wp\/v2\/pages\/1497","targetHints":{"allow":["GET"]}}],"collection":[{"href":"https:\/\/priya.yoga\/priya\/wp-json\/wp\/v2\/pages"}],"about":[{"href":"https:\/\/priya.yoga\/priya\/wp-json\/wp\/v2\/types\/page"}],"author":[{"embeddable":true,"href":"https:\/\/priya.yoga\/priya\/wp-json\/wp\/v2\/users\/1"}],"replies":[{"embeddable":true,"href":"https:\/\/priya.yoga\/priya\/wp-json\/wp\/v2\/comments?post=1497"}],"version-history":[{"count":86,"href":"https:\/\/priya.yoga\/priya\/wp-json\/wp\/v2\/pages\/1497\/revisions"}],"predecessor-version":[{"id":12240,"href":"https:\/\/priya.yoga\/priya\/wp-json\/wp\/v2\/pages\/1497\/revisions\/12240"}],"wp:attachment":[{"href":"https:\/\/priya.yoga\/priya\/wp-json\/wp\/v2\/media?parent=1497"}],"curies":[{"name":"wp","href":"https:\/\/api.w.org\/{rel}","templated":true}]}}