{"id":925,"date":"2020-10-17T19:46:24","date_gmt":"2020-10-17T19:46:24","guid":{"rendered":"http:\/\/priya.yoga\/?page_id=925"},"modified":"2026-03-09T13:56:44","modified_gmt":"2026-03-09T13:56:44","slug":"download","status":"publish","type":"page","link":"https:\/\/priya.yoga\/priya\/download\/","title":{"rendered":"Download"},"content":{"rendered":"\t\t<div data-elementor-type=\"wp-page\" data-elementor-id=\"925\" class=\"elementor elementor-925\" data-elementor-settings=\"{&quot;ha_cmc_init_switcher&quot;:&quot;no&quot;}\">\n\t\t\t\t\t\t<section class=\"elementor-section elementor-top-section elementor-element elementor-element-4968739 elementor-section-boxed elementor-section-height-default elementor-section-height-default\" data-id=\"4968739\" data-element_type=\"section\" data-e-type=\"section\" data-settings=\"{&quot;_ha_eqh_enable&quot;:false}\">\n\t\t\t\t\t\t<div class=\"elementor-container elementor-column-gap-default\">\n\t\t\t\t\t<div class=\"elementor-column elementor-col-100 elementor-top-column elementor-element elementor-element-7232467\" data-id=\"7232467\" data-element_type=\"column\" data-e-type=\"column\">\n\t\t\t<div class=\"elementor-widget-wrap elementor-element-populated\">\n\t\t\t\t\t\t<div class=\"elementor-element elementor-element-70f4602 elementor-widget elementor-widget-shortcode\" data-id=\"70f4602\" data-element_type=\"widget\" data-e-type=\"widget\" data-widget_type=\"shortcode.default\">\n\t\t\t\t<div class=\"elementor-widget-container\">\n\t\t\t\t\t\t\t<div class=\"elementor-shortcode\">\r\n\t\t\t\t<div class=\"ticker-news\">\r\n\t\t\t\t\t\t\t<div class='tickercontainer'>\r\n\t\t\t\t\t\t\t\t<div class='ticker-mask'>\r\n\t\t\t\t\t\t\t\t\t<ul id=\"ticker\">\t\t\t\t\t\t\t\t\t\t\t<li><a href=\"https:\/\/naadproject.de\">Mantrakonzert zum Mitsingen, 15.03 in Bonn<\/a><\/li>\t\t\t\t\t\t\t\t\t<\/ul>\r\n\t\t\t\t\t\t\t\t<\/div>\r\n\t\t\t\t\t\t\t<\/div>\r\n\t\t\t\t\t\t\t\t\t\t\t<\/div>\r\n\t\t\t\t<!-- .ticker-news -->\r\n\t\t\t\t<\/div>\n\t\t\t\t\t\t<\/div>\n\t\t\t\t<\/div>\n\t\t\t\t\t<\/div>\n\t\t<\/div>\n\t\t\t\t\t<\/div>\n\t\t<\/section>\n\t\t\t\t<section class=\"elementor-section elementor-top-section elementor-element elementor-element-2819e5e elementor-section-boxed elementor-section-height-default elementor-section-height-default\" data-id=\"2819e5e\" data-element_type=\"section\" data-e-type=\"section\" data-settings=\"{&quot;_ha_eqh_enable&quot;:false}\">\n\t\t\t\t\t\t<div class=\"elementor-container elementor-column-gap-default\">\n\t\t\t\t\t<div class=\"elementor-column elementor-col-100 elementor-top-column elementor-element elementor-element-851006c\" data-id=\"851006c\" data-element_type=\"column\" data-e-type=\"column\">\n\t\t\t<div class=\"elementor-widget-wrap elementor-element-populated\">\n\t\t\t\t\t\t<div class=\"elementor-element elementor-element-b09107b elementor-widget elementor-widget-toggle\" data-id=\"b09107b\" data-element_type=\"widget\" data-e-type=\"widget\" data-widget_type=\"toggle.default\">\n\t\t\t\t<div class=\"elementor-widget-container\">\n\t\t\t\t\t\t\t<div class=\"elementor-toggle\">\n\t\t\t\t\t\t\t<div class=\"elementor-toggle-item\">\n\t\t\t\t\t<div id=\"elementor-tab-title-1851\" class=\"elementor-tab-title\" data-tab=\"1\" role=\"button\" aria-controls=\"elementor-tab-content-1851\" aria-expanded=\"false\">\n\t\t\t\t\t\t\t\t\t\t\t\t<span class=\"elementor-toggle-icon elementor-toggle-icon-left\" aria-hidden=\"true\">\n\t\t\t\t\t\t\t\t\t\t\t\t\t\t\t<span class=\"elementor-toggle-icon-closed\"><i class=\"fas fa-angle-right\"><\/i><\/span>\n\t\t\t\t\t\t\t\t<span class=\"elementor-toggle-icon-opened\"><i class=\"elementor-toggle-icon-opened fas fa-caret-up\"><\/i><\/span>\n\t\t\t\t\t\t\t\t\t\t\t\t\t<\/span>\n\t\t\t\t\t\t\t\t\t\t\t\t<a class=\"elementor-toggle-title\" tabindex=\"0\">Allgemeine Informationen<\/a>\n\t\t\t\t\t<\/div>\n\n\t\t\t\t\t<div id=\"elementor-tab-content-1851\" class=\"elementor-tab-content elementor-clearfix\" data-tab=\"1\" role=\"region\" aria-labelledby=\"elementor-tab-title-1851\"><ul style=\"list-style-type: circle;\"><li><span style=\"font-size: 12pt;\"><a href=\"http:\/\/priya.yoga\/priya\/wp-content\/uploads\/2020\/10\/Priya.Yoga_10-gute-Gruende-fuer-Kundalini-Yoga.pdf\" target=\"_blank\" rel=\"noopener\">10 Gute Gr\u00fcnde f\u00fcr Kundalini Yoga<\/a><\/span><\/li><li><a href=\"http:\/\/priya.yoga\/priya\/wp-content\/uploads\/2025\/01\/Informationen-fuer-Anfaenger.pdf\" target=\"_blank\" rel=\"noopener\"><span style=\"font-size: 14pt;\"><span style=\"font-size: 12pt;\">Informationen f\u00fcr Anf\u00e4nger von Kundalini Yoga<\/span><\/span><\/a><\/li><\/ul><\/div>\n\t\t\t\t<\/div>\n\t\t\t\t\t\t\t<div class=\"elementor-toggle-item\">\n\t\t\t\t\t<div id=\"elementor-tab-title-1852\" class=\"elementor-tab-title\" data-tab=\"2\" role=\"button\" aria-controls=\"elementor-tab-content-1852\" aria-expanded=\"false\">\n\t\t\t\t\t\t\t\t\t\t\t\t<span class=\"elementor-toggle-icon elementor-toggle-icon-left\" aria-hidden=\"true\">\n\t\t\t\t\t\t\t\t\t\t\t\t\t\t\t<span class=\"elementor-toggle-icon-closed\"><i class=\"fas fa-angle-right\"><\/i><\/span>\n\t\t\t\t\t\t\t\t<span class=\"elementor-toggle-icon-opened\"><i class=\"elementor-toggle-icon-opened fas fa-caret-up\"><\/i><\/span>\n\t\t\t\t\t\t\t\t\t\t\t\t\t<\/span>\n\t\t\t\t\t\t\t\t\t\t\t\t<a class=\"elementor-toggle-title\" tabindex=\"0\">Kriyas im Kundalini Yoga<\/a>\n\t\t\t\t\t<\/div>\n\n\t\t\t\t\t<div id=\"elementor-tab-content-1852\" class=\"elementor-tab-content elementor-clearfix\" data-tab=\"2\" role=\"region\" aria-labelledby=\"elementor-tab-title-1852\"><ul style=\"list-style-type: circle;\"><li><a href=\"http:\/\/priya.yoga\/priya\/wp-content\/uploads\/2025\/02\/Sadhana.pdf\" target=\"_blank\" rel=\"noopener\">Set f\u00fcr das morgendliche Sadhana<\/a><\/li><li><span style=\"font-size: 12pt;\"><a href=\"http:\/\/priya.yoga\/priya\/wp-content\/uploads\/2023\/09\/O-my-healthy-back_Kundalini-Yoga-fuer-den-Ruecken.pdf\" target=\"_blank\" rel=\"noopener\">Set f\u00fcr den R\u00fccken<\/a><\/span><\/li><li><a href=\"http:\/\/priya.yoga\/priya\/wp-content\/uploads\/2025\/01\/Kriya-Biegsamkeit-der-Wirbelsaeule.pdf\" target=\"_blank\" rel=\"noopener\"><span style=\"font-size: 14pt;\"><span style=\"font-size: 12pt;\">Set f\u00fcr die Flexibilit\u00e4t der Wirbels\u00e4ule<\/span><\/span><\/a><\/li><li><a href=\"http:\/\/priya.yoga\/priya\/wp-content\/uploads\/2025\/01\/Kriya-fuer-Nieren.pdf\" target=\"_blank\" rel=\"noopener\">Set f\u00fcr die Nieren<\/a><\/li><\/ul><\/div>\n\t\t\t\t<\/div>\n\t\t\t\t\t\t\t<div class=\"elementor-toggle-item\">\n\t\t\t\t\t<div id=\"elementor-tab-title-1853\" class=\"elementor-tab-title\" data-tab=\"3\" role=\"button\" aria-controls=\"elementor-tab-content-1853\" aria-expanded=\"false\">\n\t\t\t\t\t\t\t\t\t\t\t\t<span class=\"elementor-toggle-icon elementor-toggle-icon-left\" aria-hidden=\"true\">\n\t\t\t\t\t\t\t\t\t\t\t\t\t\t\t<span class=\"elementor-toggle-icon-closed\"><i class=\"fas fa-angle-right\"><\/i><\/span>\n\t\t\t\t\t\t\t\t<span class=\"elementor-toggle-icon-opened\"><i class=\"elementor-toggle-icon-opened fas fa-caret-up\"><\/i><\/span>\n\t\t\t\t\t\t\t\t\t\t\t\t\t<\/span>\n\t\t\t\t\t\t\t\t\t\t\t\t<a class=\"elementor-toggle-title\" tabindex=\"0\">Meditation<\/a>\n\t\t\t\t\t<\/div>\n\n\t\t\t\t\t<div id=\"elementor-tab-content-1853\" class=\"elementor-tab-content elementor-clearfix\" data-tab=\"3\" role=\"region\" aria-labelledby=\"elementor-tab-title-1853\"><ul style=\"list-style-type: circle;\"><li><span style=\"font-size: 12pt;\"><a href=\"http:\/\/priya.yoga\/priya\/wp-content\/uploads\/2024\/02\/Meditation-zur-Selbstakzeptanz.pdf\" target=\"_blank\" rel=\"noopener\">Meditation f\u00fcr Selbstakzeptanz<\/a><\/span><\/li><li><span style=\"font-size: 12pt;\"><a href=\"http:\/\/priya.yoga\/priya\/wp-content\/uploads\/2022\/02\/Kirtan-Kriya.pdf\" target=\"_blank\" rel=\"noopener\">Meditation gegen Stress, Alzheimer und Angst (Kirtan Kriya)<\/a><\/span><\/li><li><span style=\"font-size: 12pt;\"><a href=\"http:\/\/priya.yoga\/priya\/wp-content\/uploads\/2022\/02\/Herzmeditation-fuer-schnelle-Balance.pdf\" target=\"_blank\" rel=\"noopener\">Meditation f\u00fcr Balance und Regeneration<\/a><\/span><\/li><li><a href=\"http:\/\/priya.yoga\/priya\/wp-content\/uploads\/2021\/09\/Atemtechnik-gegen-Stress-Kopfschmerzen-und-Schlaflosigkeit-.pdf\" target=\"_blank\" rel=\"noopener\"><span style=\"font-size: 14pt;\"><span style=\"font-size: 12pt;\">Meditation gegen Stress, Kopfschmerzen, Schlaflosigkeit<\/span><\/span><\/a><\/li><\/ul><\/div>\n\t\t\t\t<\/div>\n\t\t\t\t\t\t\t<div class=\"elementor-toggle-item\">\n\t\t\t\t\t<div id=\"elementor-tab-title-1854\" class=\"elementor-tab-title\" data-tab=\"4\" role=\"button\" aria-controls=\"elementor-tab-content-1854\" aria-expanded=\"false\">\n\t\t\t\t\t\t\t\t\t\t\t\t<span class=\"elementor-toggle-icon elementor-toggle-icon-left\" aria-hidden=\"true\">\n\t\t\t\t\t\t\t\t\t\t\t\t\t\t\t<span class=\"elementor-toggle-icon-closed\"><i class=\"fas fa-angle-right\"><\/i><\/span>\n\t\t\t\t\t\t\t\t<span class=\"elementor-toggle-icon-opened\"><i class=\"elementor-toggle-icon-opened fas fa-caret-up\"><\/i><\/span>\n\t\t\t\t\t\t\t\t\t\t\t\t\t<\/span>\n\t\t\t\t\t\t\t\t\t\t\t\t<a class=\"elementor-toggle-title\" tabindex=\"0\">Musik im Kundalini Yoga<\/a>\n\t\t\t\t\t<\/div>\n\n\t\t\t\t\t<div id=\"elementor-tab-content-1854\" class=\"elementor-tab-content elementor-clearfix\" data-tab=\"4\" role=\"region\" aria-labelledby=\"elementor-tab-title-1854\"><ul style=\"list-style-type: circle;\"><li><span style=\"font-size: 12pt;\"><a href=\"https:\/\/open.spotify.com\/playlist\/56SEQAru3gatIb2NPWoxmn?si=eabbf16afa644819&amp;nd=1&amp;dlsi=b114ea7f9a53437d\" target=\"_blank\" rel=\"noopener\">Playlist (VHS Bonn)<\/a><\/span><\/li><li><span style=\"font-size: 12pt;\"><a href=\"https:\/\/open.spotify.com\/playlist\/61u6pbI3eW5c0FT9KyalOO?si=2b8a7a26c68e4062&amp;nd=1&amp;dlsi=ff2ebcb39b7e4b23\" target=\"_blank\" rel=\"noopener\">Playlist (allgemein)<\/a><\/span><\/li><\/ul><\/div>\n\t\t\t\t<\/div>\n\t\t\t\t\t\t\t<div class=\"elementor-toggle-item\">\n\t\t\t\t\t<div id=\"elementor-tab-title-1855\" class=\"elementor-tab-title\" data-tab=\"5\" role=\"button\" aria-controls=\"elementor-tab-content-1855\" aria-expanded=\"false\">\n\t\t\t\t\t\t\t\t\t\t\t\t<span class=\"elementor-toggle-icon elementor-toggle-icon-left\" aria-hidden=\"true\">\n\t\t\t\t\t\t\t\t\t\t\t\t\t\t\t<span class=\"elementor-toggle-icon-closed\"><i class=\"fas fa-angle-right\"><\/i><\/span>\n\t\t\t\t\t\t\t\t<span class=\"elementor-toggle-icon-opened\"><i class=\"elementor-toggle-icon-opened fas fa-caret-up\"><\/i><\/span>\n\t\t\t\t\t\t\t\t\t\t\t\t\t<\/span>\n\t\t\t\t\t\t\t\t\t\t\t\t<a class=\"elementor-toggle-title\" tabindex=\"0\">Gut zu wissen!<\/a>\n\t\t\t\t\t<\/div>\n\n\t\t\t\t\t<div id=\"elementor-tab-content-1855\" class=\"elementor-tab-content elementor-clearfix\" data-tab=\"5\" role=\"region\" aria-labelledby=\"elementor-tab-title-1855\"><ul><li><span style=\"font-size: 12pt;\"><a href=\"http:\/\/priya.yoga\/priya\/wp-content\/uploads\/2022\/01\/Schluessel-um-die-Aura-zu-staerken.odt\" target=\"_blank\" rel=\"noopener\">Schl\u00fcssel zur St\u00e4rkung der Aura<\/a><\/span><\/li><li><span style=\"font-size: 12pt;\"><a href=\"http:\/\/priya.yoga\/priya\/wp-content\/uploads\/2021\/09\/112020_Ueber-die-Kraft-des-Herzens_Priya-Jotdev-Kaur.pdf\" target=\"_blank\" rel=\"noopener\">Artikel \u00fcber die Kraft des Herzens<\/a><\/span><\/li><li><span style=\"font-size: 12pt;\"><a href=\"http:\/\/priya.yoga\/priya\/wp-content\/uploads\/2024\/11\/Vagusnerv.pdf\" target=\"_blank\" rel=\"noopener\">Den Vagusnerv st\u00e4rken<\/a><\/span><\/li><li><span style=\"font-size: 12pt;\"><a href=\"http:\/\/priya.yoga\/priya\/wp-content\/uploads\/2021\/11\/3-Tipps-zur-Stressbewaeltigung.pdf\" target=\"_blank\" rel=\"noopener\">3 Tipps zur Stresbew\u00e4ltigung<\/a><\/span><\/li><li><a href=\"http:\/\/priya.yoga\/priya\/wp-content\/uploads\/2024\/04\/Tipps-fuer-Erdung-und-Staerkung-des-1.Chakras.pdf\" target=\"_blank\" rel=\"noopener\"><span style=\"font-size: 14pt;\"><span style=\"font-size: 12pt;\">Erdung und 1. Chakra<\/span><\/span><\/a><\/li><\/ul><\/div>\n\t\t\t\t<\/div>\n\t\t\t\t\t\t\t\t<\/div>\n\t\t\t\t\t\t<\/div>\n\t\t\t\t<\/div>\n\t\t\t\t\t<\/div>\n\t\t<\/div>\n\t\t\t\t\t<\/div>\n\t\t<\/section>\n\t\t\t\t<\/div>\n\t\t","protected":false},"excerpt":{"rendered":"<p>Allgemeine Informationen 10 Gute Gr\u00fcnde f\u00fcr Kundalini Yoga Informationen f\u00fcr Anf\u00e4nger von Kundalini Yoga Kriyas im Kundalini Yoga Set f\u00fcr das morgendliche Sadhana Set f\u00fcr den R\u00fccken Set f\u00fcr die Flexibilit\u00e4t der Wirbels\u00e4ule Set f\u00fcr die Nieren Meditation Meditation f\u00fcr Selbstakzeptanz Meditation gegen Stress, Alzheimer und Angst (Kirtan Kriya) Meditation f\u00fcr Balance und Regeneration Meditation &hellip; <\/p>\n<p class=\"link-more\"><a href=\"https:\/\/priya.yoga\/priya\/download\/\" class=\"more-link\"><span class=\"screen-reader-text\">\u201eDownload\u201c <\/span>weiterlesen<\/a><\/p>\n","protected":false},"author":1,"featured_media":0,"parent":0,"menu_order":0,"comment_status":"closed","ping_status":"closed","template":"","meta":{"footnotes":""},"class_list":["post-925","page","type-page","status-publish","hentry"],"_links":{"self":[{"href":"https:\/\/priya.yoga\/priya\/wp-json\/wp\/v2\/pages\/925","targetHints":{"allow":["GET"]}}],"collection":[{"href":"https:\/\/priya.yoga\/priya\/wp-json\/wp\/v2\/pages"}],"about":[{"href":"https:\/\/priya.yoga\/priya\/wp-json\/wp\/v2\/types\/page"}],"author":[{"embeddable":true,"href":"https:\/\/priya.yoga\/priya\/wp-json\/wp\/v2\/users\/1"}],"replies":[{"embeddable":true,"href":"https:\/\/priya.yoga\/priya\/wp-json\/wp\/v2\/comments?post=925"}],"version-history":[{"count":84,"href":"https:\/\/priya.yoga\/priya\/wp-json\/wp\/v2\/pages\/925\/revisions"}],"predecessor-version":[{"id":12246,"href":"https:\/\/priya.yoga\/priya\/wp-json\/wp\/v2\/pages\/925\/revisions\/12246"}],"wp:attachment":[{"href":"https:\/\/priya.yoga\/priya\/wp-json\/wp\/v2\/media?parent=925"}],"curies":[{"name":"wp","href":"https:\/\/api.w.org\/{rel}","templated":true}]}}